{"id":861,"date":"2021-04-01T14:26:43","date_gmt":"2021-04-01T11:26:43","guid":{"rendered":"https:\/\/artoriks.fi\/tuote\/scandic-cup-turnausmaksu"},"modified":"2021-04-01T14:26:43","modified_gmt":"2021-04-01T11:26:43","slug":"scandic-cup-turnausmaksu","status":"publish","type":"product","link":"https:\/\/www.artoriks.fi\/ru\/tuote\/scandic-cup-turnausmaksu","title":{"rendered":"Scandic Cup -turnausmaksu"},"content":{"rendered":"","protected":false},"excerpt":{"rendered":"<p>Scandic Cup 28.\u201329.8.2021<\/p>\n<p>Joukkuekohtainen turnausmaksu sis\u00e4lt\u00e4\u00e4 6 peli\u00e4, palkinnot, tuomaroinnin ja ottelupalvelut.<\/p>\n<p>Kun turnausmaksu on maksettu, tilaaja saa s\u00e4hk\u00f6postiin tilausvahvistuksen. Siit\u00e4 l\u00f6ytyv\u00e4 tilausnumero on salasana, jolla joukkueen j\u00e4senet voivat tilata oman turnausmatkansa. Tilausnumero kysyt\u00e4\u00e4n, kun turnausmatkan sivulla klikkaa painiketta Osta turnausmatka.<\/p>\n<p>Voit ilmoittaa turnaukseen yhden tai useampia joukkueita. Valitse t\u00e4ss\u00e4 ilmoitettavien joukkueiden m\u00e4\u00e4r\u00e4. Joukkueiden nimet annetaan Kassa-sivulla.<\/p>\n","protected":false},"featured_media":0,"template":"","meta":[],"product_cat":[46],"product_tag":[],"acf":[],"_links":{"self":[{"href":"https:\/\/www.artoriks.fi\/ru\/wp-json\/wp\/v2\/product\/861"}],"collection":[{"href":"https:\/\/www.artoriks.fi\/ru\/wp-json\/wp\/v2\/product"}],"about":[{"href":"https:\/\/www.artoriks.fi\/ru\/wp-json\/wp\/v2\/types\/product"}],"wp:attachment":[{"href":"https:\/\/www.artoriks.fi\/ru\/wp-json\/wp\/v2\/media?parent=861"}],"wp:term":[{"taxonomy":"product_cat","embeddable":true,"href":"https:\/\/www.artoriks.fi\/ru\/wp-json\/wp\/v2\/product_cat?post=861"},{"taxonomy":"product_tag","embeddable":true,"href":"https:\/\/www.artoriks.fi\/ru\/wp-json\/wp\/v2\/product_tag?post=861"}],"curies":[{"name":"wp","href":"https:\/\/api.w.org\/{rel}","templated":true}]}}